{"id":107,"date":"2023-10-09T17:55:46","date_gmt":"2023-10-09T15:55:46","guid":{"rendered":"https:\/\/dev.dopetechstudio.se\/?post_type=product&#038;p=107"},"modified":"2026-03-22T10:06:10","modified_gmt":"2026-03-22T09:06:10","slug":"raxs-guilty","status":"publish","type":"product","link":"https:\/\/www.raxspickleball.com\/sv\/produkt\/raxs-guilty\/","title":{"rendered":"RAXS GUILTY"},"content":{"rendered":"<p>Raxs Guilty, Sweet spot optimerat f\u00f6r ut\u00f6kat tr\u00e4ffomr\u00e5de s\u00e5 du alltid har kontroll \u00f6ver ditt spel.<\/p>\n<p>High friction carbon-ytan g\u00f6r att du f\u00e5r extra kraft i slaget och ut\u00f6kad spinn. Guilty serien \u00e4r anpassad f\u00f6r att klara aggressivt spel fr\u00e5n baslinjen till kontrollerad dink framme vid k\u00f6kslinjen.<\/p>\n<h3>Specifikationer<\/h3>\n<ul>\n<li>Yta: High friction carbon<\/li>\n<li>K\u00e4rna: Honeycomb<\/li>\n<li>Tjocklek: 16 mm<\/li>\n<li>L\u00e4ngd: 415 mm<\/li>\n<li>Bredd: 190 mm<\/li>\n<li>Handtag: 133 mm<\/li>\n<li>Omkrets handtag: 108 mm<\/li>\n<li>Vikt: 230 g (+\/- 5 g)<\/li>\n<\/ul>","protected":false},"excerpt":{"rendered":"<p>Rax&#8217;s Guilty, Sweet spot optimized for extended hit range so you&#8217;re always in control of your game. The high friction carbon surface gives you extra power in the shot and increased spin. The Guilty series is adapted to cope with aggressive play from the baseline to controlled dinks in front of the kitchen line. Specifications [&hellip;]<\/p>","protected":false},"featured_media":1318,"template":"","meta":{"_acf_changed":false},"product_cat":[18],"product_tag":[],"class_list":{"0":"post-107","1":"product","2":"type-product","3":"status-publish","4":"has-post-thumbnail","6":"product_cat-pro-paddle","8":"first","9":"instock","10":"taxable","11":"shipping-taxable","12":"purchasable","13":"product-type-variable"},"acf":[],"_links":{"self":[{"href":"https:\/\/www.raxspickleball.com\/sv\/wp-json\/wp\/v2\/product\/107","targetHints":{"allow":["GET"]}}],"collection":[{"href":"https:\/\/www.raxspickleball.com\/sv\/wp-json\/wp\/v2\/product"}],"about":[{"href":"https:\/\/www.raxspickleball.com\/sv\/wp-json\/wp\/v2\/types\/product"}],"wp:featuredmedia":[{"embeddable":true,"href":"https:\/\/www.raxspickleball.com\/sv\/wp-json\/wp\/v2\/media\/1318"}],"wp:attachment":[{"href":"https:\/\/www.raxspickleball.com\/sv\/wp-json\/wp\/v2\/media?parent=107"}],"wp:term":[{"taxonomy":"product_cat","embeddable":true,"href":"https:\/\/www.raxspickleball.com\/sv\/wp-json\/wp\/v2\/product_cat?post=107"},{"taxonomy":"product_tag","embeddable":true,"href":"https:\/\/www.raxspickleball.com\/sv\/wp-json\/wp\/v2\/product_tag?post=107"}],"curies":[{"name":"wp","href":"https:\/\/api.w.org\/{rel}","templated":true}]}}